{"id":87,"date":"2018-11-07T16:01:00","date_gmt":"2018-11-07T15:01:00","guid":{"rendered":"http:\/\/rai2019.digitorient.com\/?page_id=87"},"modified":"2019-07-02T12:00:00","modified_gmt":"2019-07-02T10:00:00","slug":"lieux","status":"publish","type":"page","link":"https:\/\/rai2019.digitorient.com\/it\/informations-pratiques\/lieux\/","title":{"rendered":"Luoghi delle conferenze"},"content":{"rendered":"<p><\/p>\n<h1>Conferenze avranno luogo presso il Coll\u00e8ge de France e presso le sale del Louvre.<\/h1>\n<h2>Luned\u00ec, marted\u00ec, gioved\u00ec, gioved\u00ec, venerd\u00ec : Coll\u00e8ge de France \u2013 11 place Marcelin Berthelot 75005 Paris<\/h2>\n<ul>\n<li>In RER : RER B (stazione &#8220;Saint-Michel&#8221; o &#8220;Luxembourg&#8221;).<\/li>\n<li>In metro : linea 10 (stazione &#8220;Maubert-Mutualit\u00e9&#8221;), linea 4 (stazione &#8220;Od\u00e9on&#8221;).<\/li>\n<li>In bus : n\u00b0 63, 86 e 87 (fermata &#8220;Coll\u00e8ge de France&#8221;).<\/li>\n<\/ul>\n<p><img loading=\"lazy\" decoding=\"async\" class=\"aligncenter wp-image-1320 size-large\" src=\"https:\/\/rai2019.digitorient.com\/wp-content\/uploads\/sites\/5\/2019\/06\/Capture-d\u2019e\u0301cran-2019-06-18-a\u0300-14.21.47-1024x839.jpg\" alt=\"\" width=\"525\" height=\"430\" srcset=\"https:\/\/rai2019.digitorient.com\/wp-content\/uploads\/sites\/5\/2019\/06\/Capture-d\u2019e\u0301cran-2019-06-18-a\u0300-14.21.47-1024x839.jpg 1024w, https:\/\/rai2019.digitorient.com\/wp-content\/uploads\/sites\/5\/2019\/06\/Capture-d\u2019e\u0301cran-2019-06-18-a\u0300-14.21.47-300x246.jpg 300w, https:\/\/rai2019.digitorient.com\/wp-content\/uploads\/sites\/5\/2019\/06\/Capture-d\u2019e\u0301cran-2019-06-18-a\u0300-14.21.47-768x629.jpg 768w, https:\/\/rai2019.digitorient.com\/wp-content\/uploads\/sites\/5\/2019\/06\/Capture-d\u2019e\u0301cran-2019-06-18-a\u0300-14.21.47-350x287.jpg 350w, https:\/\/rai2019.digitorient.com\/wp-content\/uploads\/sites\/5\/2019\/06\/Capture-d\u2019e\u0301cran-2019-06-18-a\u0300-14.21.47.jpg 1730w\" sizes=\"auto, (max-width: 525px) 100vw, 525px\" \/><\/p>\n<h2>Mercoled\u00ec : \u00c9cole du Louvre (Place du Carrousel, Porte Jaujard, 75001 Paris) e Amphith\u00e9\u00e2tre Rohan (99 rue de Rivoli, a destra dopo la seconda scala mobile)<\/h2>\n<ul>\n<li>In metro : linee 1 e 7 (stazione &#8220;Palais-Royal \/ Mus\u00e9e du Louvre&#8221;), linea 14 (stazione &#8220;Pyramides&#8221;).<\/li>\n<li>In bus :\u00a0n\u00b0 21, 24, 27, 39, 48, 68, 69, 72, 81 e 95.<img loading=\"lazy\" decoding=\"async\" class=\"aligncenter wp-image-1317 size-full\" src=\"https:\/\/rai2019.digitorient.com\/wp-content\/uploads\/sites\/5\/2019\/06\/planedlouvre.jpg\" alt=\"\" width=\"460\" height=\"324\" srcset=\"https:\/\/rai2019.digitorient.com\/wp-content\/uploads\/sites\/5\/2019\/06\/planedlouvre.jpg 460w, https:\/\/rai2019.digitorient.com\/wp-content\/uploads\/sites\/5\/2019\/06\/planedlouvre-300x211.jpg 300w, https:\/\/rai2019.digitorient.com\/wp-content\/uploads\/sites\/5\/2019\/06\/planedlouvre-350x247.jpg 350w\" sizes=\"auto, (max-width: 460px) 100vw, 460px\" \/>The cocktail following the conferences on Wednesday will take place at the Louvre, in the caf\u00e9 \u201cGoguette\u201d. This caf\u00e9 is located on the left after the escalator leading to the section \u201cRichelieu\u201d.<\/li>\n<\/ul>\n<p><\/p>","protected":false},"excerpt":{"rendered":"<p>Conferenze avranno luogo presso il Coll\u00e8ge de France e presso le sale del Louvre. Luned\u00ec, marted\u00ec, gioved\u00ec, gioved\u00ec, venerd\u00ec : Coll\u00e8ge de France \u2013 11 place Marcelin Berthelot 75005 Paris In RER : RER B (stazione &#8220;Saint-Michel&#8221; o &#8220;Luxembourg&#8221;). In metro : linea 10 (stazione &#8220;Maubert-Mutualit\u00e9&#8221;), linea 4 (stazione &#8220;Od\u00e9on&#8221;). In bus : n\u00b0 63, &hellip; <\/p>\n<p class=\"link-more\"><a href=\"https:\/\/rai2019.digitorient.com\/it\/informations-pratiques\/lieux\/\" class=\"more-link\">Leggi tutto<span class=\"screen-reader-text\"> &#8220;Luoghi delle conferenze&#8221;<\/span><\/a><\/p>\n","protected":false},"author":152,"featured_media":0,"parent":26,"menu_order":1,"comment_status":"closed","ping_status":"closed","template":"","meta":{"ngg_post_thumbnail":0,"footnotes":""},"class_list":["post-87","page","type-page","status-publish","hentry"],"_links":{"self":[{"href":"https:\/\/rai2019.digitorient.com\/it\/wp-json\/wp\/v2\/pages\/87","targetHints":{"allow":["GET"]}}],"collection":[{"href":"https:\/\/rai2019.digitorient.com\/it\/wp-json\/wp\/v2\/pages"}],"about":[{"href":"https:\/\/rai2019.digitorient.com\/it\/wp-json\/wp\/v2\/types\/page"}],"author":[{"embeddable":true,"href":"https:\/\/rai2019.digitorient.com\/it\/wp-json\/wp\/v2\/users\/152"}],"replies":[{"embeddable":true,"href":"https:\/\/rai2019.digitorient.com\/it\/wp-json\/wp\/v2\/comments?post=87"}],"version-history":[{"count":20,"href":"https:\/\/rai2019.digitorient.com\/it\/wp-json\/wp\/v2\/pages\/87\/revisions"}],"predecessor-version":[{"id":1426,"href":"https:\/\/rai2019.digitorient.com\/it\/wp-json\/wp\/v2\/pages\/87\/revisions\/1426"}],"up":[{"embeddable":true,"href":"https:\/\/rai2019.digitorient.com\/it\/wp-json\/wp\/v2\/pages\/26"}],"wp:attachment":[{"href":"https:\/\/rai2019.digitorient.com\/it\/wp-json\/wp\/v2\/media?parent=87"}],"curies":[{"name":"wp","href":"https:\/\/api.w.org\/{rel}","templated":true}]}}