{"id":197,"date":"2018-12-04T20:05:42","date_gmt":"2018-12-04T19:05:42","guid":{"rendered":"https:\/\/rai2019.digitorient.com\/?page_id=197"},"modified":"2019-07-03T22:01:12","modified_gmt":"2019-07-03T20:01:12","slug":"posters","status":"publish","type":"page","link":"https:\/\/rai2019.digitorient.com\/it\/posters\/","title":{"rendered":"Posters"},"content":{"rendered":"<p><\/p>\n<h1 align=\"justify\"><strong><span style=\"font-family: Times New Roman, serif;\"><span style=\"font-size: small;\"><span style=\"color: #000000;\">List of posters:<\/span><\/span><\/span><\/strong><\/h1>\n<p align=\"justify\"><span style=\"font-family: Times New Roman, serif;\"><span style=\"font-size: small;\"><span style=\"color: #000000;\">&#8211; \u201c<a href=\"https:\/\/rai2019.digitorient.com\/wp-content\/uploads\/sites\/5\/2019\/05\/DE_ZORZI__al_Poster_Bestiarium-Mesopotamicum.pdf\" target=\"_blank\" rel=\"noopener noreferrer\">Bestiarium Mesopotamicum<\/a>: Animal Omens in Ancient Mesopotamia.\u201d By\u00a0N. De Zorzi \u2013 N. Lundeen \u2013 M. Rinderer \u2013 J. Pfitzner (University of Vienna)<\/span><\/span><\/span><\/p>\n<p align=\"justify\">&#8211; <span style=\"font-family: Times New Roman, serif;\"><span style=\"font-size: small;\"><span style=\"color: #000000;\">\u201c<a href=\"https:\/\/rai2019.digitorient.com\/wp-content\/uploads\/sites\/5\/2019\/05\/JAUHIAINEN_CLIRencontre.pdf\" target=\"_blank\" rel=\"noopener noreferrer\">Cuneiform Language Identification (CLI) shared task at VarDial Evaluation Campaign 2019<\/a><\/span><span style=\"color: #000000;\">.\u201d By\u00a0T. Jauhiainen, H. Jauhiainen, T. Alstola, K. Lind\u00e9n (University of Helsinki)<\/span><\/span><\/span><\/p>\n<p align=\"justify\">&#8211; <span style=\"font-family: Times New Roman, serif;\"><span style=\"font-size: small;\"><span style=\"color: #000000;\">\u201c<a href=\"https:\/\/rai2019.digitorient.com\/wp-content\/uploads\/sites\/5\/2019\/05\/MITTERMAYER_Alu_re\u0301sume\u0301.pdf\" target=\"_blank\" rel=\"noopener noreferrer\">\u00c9dition de la s\u00e9rie divinatoire \u0160umma \u0101lu<\/a><\/span><span style=\"color: #000000;\">.\u201d By C. Mittermayer (University of Geneva)<\/span><\/span><\/span><\/p>\n<p align=\"justify\">&#8211; <span style=\"font-family: Times New Roman, serif;\"><span style=\"font-size: small;\"><span style=\"color: #000000;\">\u201c<a href=\"https:\/\/rai2019.digitorient.com\/wp-content\/uploads\/sites\/5\/2019\/05\/MESKHI_Abstract_Sumerian_Ki_Kish_Enki_and_Their_Kartvelian_Origin.pdf\" target=\"_blank\" rel=\"noopener noreferrer\">Ki, Ki\u0161, Enki, and Their Kartvelian Origin<\/a><\/span><span style=\"color: #000000;\">.\u201d By\u00a0A. Meskhi\u00a0(Caucasus University)<\/span><\/span><\/span><\/p>\n<p align=\"justify\"><span style=\"font-family: Times New Roman, serif;\"><span style=\"font-size: small;\"><span style=\"color: #000000;\">&#8211; \u201cKunara: an Early Bronze Age city in the Zagros Foothills.<\/span><span style=\"color: #000000;\">\u201d By A. Tenu (<\/span><\/span><\/span><span style=\"color: #000000;\"><span style=\"font-family: ArchiType;\"><span style=\"font-size: small;\"><span lang=\"en-US\">CNRS<\/span> <span lang=\"en-US\">Paris<\/span><span lang=\"en-US\">,<\/span> <span lang=\"en-US\">UMR 7041<\/span><\/span><\/span><\/span><span style=\"font-family: Times New Roman, serif;\"><span style=\"font-size: small;\"><span style=\"color: #000000;\">)<\/span><\/span><\/span><\/p>\n<p align=\"justify\">&#8211; <span style=\"font-family: Times New Roman, serif;\"><span style=\"font-size: small;\"><span style=\"color: #000000;\">\u201c<a href=\"https:\/\/rai2019.digitorient.com\/wp-content\/uploads\/sites\/5\/2019\/05\/MINEN_Poster_Medical_information.pdf\" target=\"_blank\" rel=\"noopener noreferrer\">Medical information in the divination series \u0160umma \u0101lu<\/a><\/span><span style=\"color: #000000;\">.\u201d By F. Minen (School of Advanced Study, University of London)<\/span><\/span><\/span><\/p>\n<p align=\"justify\">&#8211; <span style=\"font-family: Times New Roman, serif;\"><span style=\"font-size: small;\"><span style=\"color: #000000;\">\u201c<a href=\"https:\/\/rai2019.digitorient.com\/wp-content\/uploads\/sites\/5\/2019\/05\/Jauhiainen_OraccInKorp_poster_abstract.pdf\" target=\"_blank\" rel=\"noopener noreferrer\">Oracc in Korp<\/a><\/span><span style=\"color: #000000;\">.\u201d By S. Sv\u00e4rd \u2013 H. Jauhiainen \u2013 A. Sahala \u2013 T. Alstola \u2013 T. Jauhiainen \u2013 K. Lind\u00e9n (University of Helsinki)<\/span><\/span><\/span><\/p>\n<p align=\"justify\"><span style=\"font-family: Times New Roman, serif;\"><span style=\"font-size: small;\"><span style=\"color: #000000;\">&#8211; \u201c<a href=\"https:\/\/rai2019.digitorient.com\/wp-content\/uploads\/sites\/5\/2019\/05\/GERTOUX_PosterRAI65.pdf\" target=\"_blank\" rel=\"noopener noreferrer\">Scientific approach to an absolute chronology through synchronisms dated by astronomy<\/a>.\u201d By\u00a0G. Gertoux (Paris)<\/span><\/span><\/span><\/p>\n<p align=\"justify\"><span style=\"font-family: Times New Roman, serif;\"><span style=\"font-size: small;\"><span style=\"color: #000000;\">&#8211; \u201cThe character of the da-da in the light of the unpublished archeological texts\u201d By Huda Hadi Alwash (Iraq)<\/span><\/span><\/span><\/p>\n<p align=\"justify\"><span style=\"font-family: Times New Roman, serif;\"><span style=\"font-size: small;\"><span style=\"color: #000000;\">&#8211; \u201c<a href=\"https:\/\/rai2019.digitorient.com\/wp-content\/uploads\/sites\/5\/2019\/05\/OK_POSTGATE_Macron.pdf\" target=\"_blank\" rel=\"noopener noreferrer\">Vive\u00a0le macron! Profitons-en!<\/a>\u201d By J. N. Postgate (University of Cambridge)<\/span><\/span><\/span><\/p>\n<p align=\"justify\"><span style=\"font-family: Times New Roman, serif;\"><span style=\"font-size: small;\"><span style=\"color: #000000;\">&#8211; \u201c<a href=\"https:\/\/rai2019.digitorient.com\/wp-content\/uploads\/sites\/5\/2019\/06\/OK_Abstract-poster-RAI_Coppini_Pappi.pdf\" target=\"_blank\" rel=\"noopener noreferrer\">Walking on Sherds: Typological Analysis on the Ceramic Materials from the Archeological Survey of Koya<\/a>\u201d By C. Coppini (Freie Universit\u00e4t Berlin) \u2013 C. Pappi (University of Innsbruck\/Freie Universit\u00e4t Berlin)<\/span><\/span><\/span><\/p>\n<p align=\"justify\"><span style=\"font-family: Times New Roman, serif;\"><span style=\"font-size: small;\"><span style=\"color: #000000;\">&#8211; \u201c<a href=\"https:\/\/rai2019.digitorient.com\/wp-content\/uploads\/sites\/5\/2019\/05\/UrbanoGarcia-Ventura_abstract-RAI_28march19.pdf\" target=\"_blank\" rel=\"noopener noreferrer\">Working women in Ur III and Mari<\/a>: theoretical-methodological tools for their study.\u201d By L. Urbano (CEDCU-CONICET-Universidad Nacional de Rosario, Argentina) \u2013 A. Garcia-Ventura (IPOA, Universitat de Barcelona \u2013 Universitat Aut\u00f2noma de Barcelona, Spain)<\/span><\/span><\/span><\/p>\n<p><\/p>","protected":false},"excerpt":{"rendered":"<p>List of posters: &#8211; \u201cBestiarium Mesopotamicum: Animal Omens in Ancient Mesopotamia.\u201d By\u00a0N. De Zorzi \u2013 N. Lundeen \u2013 M. Rinderer \u2013 J. Pfitzner (University of Vienna) &#8211; \u201cCuneiform Language Identification (CLI) shared task at VarDial Evaluation Campaign 2019.\u201d By\u00a0T. Jauhiainen, H. Jauhiainen, T. Alstola, K. Lind\u00e9n (University of Helsinki) &#8211; \u201c\u00c9dition de la s\u00e9rie divinatoire &hellip; <\/p>\n<p class=\"link-more\"><a href=\"https:\/\/rai2019.digitorient.com\/it\/posters\/\" class=\"more-link\">Leggi tutto<span class=\"screen-reader-text\"> &#8220;Posters&#8221;<\/span><\/a><\/p>\n","protected":false},"author":152,"featured_media":0,"parent":0,"menu_order":0,"comment_status":"closed","ping_status":"closed","template":"","meta":{"ngg_post_thumbnail":0,"footnotes":""},"class_list":["post-197","page","type-page","status-publish","hentry"],"_links":{"self":[{"href":"https:\/\/rai2019.digitorient.com\/it\/wp-json\/wp\/v2\/pages\/197","targetHints":{"allow":["GET"]}}],"collection":[{"href":"https:\/\/rai2019.digitorient.com\/it\/wp-json\/wp\/v2\/pages"}],"about":[{"href":"https:\/\/rai2019.digitorient.com\/it\/wp-json\/wp\/v2\/types\/page"}],"author":[{"embeddable":true,"href":"https:\/\/rai2019.digitorient.com\/it\/wp-json\/wp\/v2\/users\/152"}],"replies":[{"embeddable":true,"href":"https:\/\/rai2019.digitorient.com\/it\/wp-json\/wp\/v2\/comments?post=197"}],"version-history":[{"count":9,"href":"https:\/\/rai2019.digitorient.com\/it\/wp-json\/wp\/v2\/pages\/197\/revisions"}],"predecessor-version":[{"id":1428,"href":"https:\/\/rai2019.digitorient.com\/it\/wp-json\/wp\/v2\/pages\/197\/revisions\/1428"}],"wp:attachment":[{"href":"https:\/\/rai2019.digitorient.com\/it\/wp-json\/wp\/v2\/media?parent=197"}],"curies":[{"name":"wp","href":"https:\/\/api.w.org\/{rel}","templated":true}]}}