{"id":87,"date":"2018-11-07T16:01:00","date_gmt":"2018-11-07T15:01:00","guid":{"rendered":"http:\/\/rai2019.digitorient.com\/?page_id=87"},"modified":"2019-07-02T12:00:00","modified_gmt":"2019-07-02T10:00:00","slug":"lieux","status":"publish","type":"page","link":"https:\/\/rai2019.digitorient.com\/es\/informations-pratiques\/lieux\/","title":{"rendered":"Lugar de las conferencias"},"content":{"rendered":"<p><\/p>\n<h1>Las conferencias tendr\u00e1n lugar en el Coll\u00e8ge de France y en el Louvre.<\/h1>\n<h2>Lunes, martes, jueves, viernes : Coll\u00e8ge de France \u2013 11 place Marcelin Berthelot 75005 Paris<\/h2>\n<ul>\n<li>En RER : RER B (estaci\u00f3n \u00abSaint-Michel\u00bb o \u00abLuxembourg\u00bb).<\/li>\n<li>En metro : l\u00ednea 10 (estaci\u00f3n \u00abCluny &#8211; La Sorbonne\u00bb), l\u00ednea 4 (estaci\u00f3n \u00abOd\u00e9on\u00bb).<\/li>\n<li>En bus : n\u00b0 63, 86 y 87 (parada \u00abColl\u00e8ge de France\u00bb).<\/li>\n<\/ul>\n<p><img loading=\"lazy\" decoding=\"async\" class=\"aligncenter wp-image-1320 size-large\" src=\"https:\/\/rai2019.digitorient.com\/wp-content\/uploads\/sites\/5\/2019\/06\/Capture-d\u2019e\u0301cran-2019-06-18-a\u0300-14.21.47-1024x839.jpg\" alt=\"\" width=\"525\" height=\"430\" srcset=\"https:\/\/rai2019.digitorient.com\/wp-content\/uploads\/sites\/5\/2019\/06\/Capture-d\u2019e\u0301cran-2019-06-18-a\u0300-14.21.47-1024x839.jpg 1024w, https:\/\/rai2019.digitorient.com\/wp-content\/uploads\/sites\/5\/2019\/06\/Capture-d\u2019e\u0301cran-2019-06-18-a\u0300-14.21.47-300x246.jpg 300w, https:\/\/rai2019.digitorient.com\/wp-content\/uploads\/sites\/5\/2019\/06\/Capture-d\u2019e\u0301cran-2019-06-18-a\u0300-14.21.47-768x629.jpg 768w, https:\/\/rai2019.digitorient.com\/wp-content\/uploads\/sites\/5\/2019\/06\/Capture-d\u2019e\u0301cran-2019-06-18-a\u0300-14.21.47-350x287.jpg 350w, https:\/\/rai2019.digitorient.com\/wp-content\/uploads\/sites\/5\/2019\/06\/Capture-d\u2019e\u0301cran-2019-06-18-a\u0300-14.21.47.jpg 1730w\" sizes=\"auto, (max-width: 525px) 100vw, 525px\" \/><\/p>\n<h2>Mi\u00e9rcoles : \u00c9cole du Louvre (Place du Carrousel, Porte Jaujard, 75001 Paris) y Amphith\u00e9\u00e2tre Rohan (99 rue de Rivoli, a la derecha despu\u00e9s de la segunda escalera mec\u00e1nica)<\/h2>\n<ul>\n<li>En metro :\u00a0l\u00edneas 1 y 7 (estaci\u00f3n \u00abPalais-Royal \/ Mus\u00e9e du Louvre\u00bb), l\u00ednea 14 (estaci\u00f3n \u00abPyramides\u00bb).<\/li>\n<li>En bus :\u00a0n\u00b0 21, 24, 27, 39, 48, 68, 69, 72, 81 y 95.<img loading=\"lazy\" decoding=\"async\" class=\"aligncenter wp-image-1317 size-full\" src=\"https:\/\/rai2019.digitorient.com\/wp-content\/uploads\/sites\/5\/2019\/06\/planedlouvre.jpg\" alt=\"\" width=\"460\" height=\"324\" srcset=\"https:\/\/rai2019.digitorient.com\/wp-content\/uploads\/sites\/5\/2019\/06\/planedlouvre.jpg 460w, https:\/\/rai2019.digitorient.com\/wp-content\/uploads\/sites\/5\/2019\/06\/planedlouvre-300x211.jpg 300w, https:\/\/rai2019.digitorient.com\/wp-content\/uploads\/sites\/5\/2019\/06\/planedlouvre-350x247.jpg 350w\" sizes=\"auto, (max-width: 460px) 100vw, 460px\" \/>The cocktail following the conferences on Wednesday will take place at the Louvre, in the caf\u00e9 \u201cGoguette\u201d. This caf\u00e9 is located on the left after the escalator leading to the section \u201cRichelieu\u201d.<\/li>\n<\/ul>\n<p><\/p>","protected":false},"excerpt":{"rendered":"<p>Las conferencias tendr\u00e1n lugar en el Coll\u00e8ge de France y en el Louvre. Lunes, martes, jueves, viernes : Coll\u00e8ge de France \u2013 11 place Marcelin Berthelot 75005 Paris En RER : RER B (estaci\u00f3n \u00abSaint-Michel\u00bb o \u00abLuxembourg\u00bb). En metro : l\u00ednea 10 (estaci\u00f3n \u00abCluny &#8211; La Sorbonne\u00bb), l\u00ednea 4 (estaci\u00f3n \u00abOd\u00e9on\u00bb). En bus : n\u00b0 &hellip; <\/p>\n<p class=\"link-more\"><a href=\"https:\/\/rai2019.digitorient.com\/es\/informations-pratiques\/lieux\/\" class=\"more-link\">Continuar leyendo<span class=\"screen-reader-text\"> \u00abLugar de las conferencias\u00bb<\/span><\/a><\/p>\n","protected":false},"author":152,"featured_media":0,"parent":26,"menu_order":1,"comment_status":"closed","ping_status":"closed","template":"","meta":{"ngg_post_thumbnail":0,"footnotes":""},"class_list":["post-87","page","type-page","status-publish","hentry"],"_links":{"self":[{"href":"https:\/\/rai2019.digitorient.com\/es\/wp-json\/wp\/v2\/pages\/87","targetHints":{"allow":["GET"]}}],"collection":[{"href":"https:\/\/rai2019.digitorient.com\/es\/wp-json\/wp\/v2\/pages"}],"about":[{"href":"https:\/\/rai2019.digitorient.com\/es\/wp-json\/wp\/v2\/types\/page"}],"author":[{"embeddable":true,"href":"https:\/\/rai2019.digitorient.com\/es\/wp-json\/wp\/v2\/users\/152"}],"replies":[{"embeddable":true,"href":"https:\/\/rai2019.digitorient.com\/es\/wp-json\/wp\/v2\/comments?post=87"}],"version-history":[{"count":20,"href":"https:\/\/rai2019.digitorient.com\/es\/wp-json\/wp\/v2\/pages\/87\/revisions"}],"predecessor-version":[{"id":1426,"href":"https:\/\/rai2019.digitorient.com\/es\/wp-json\/wp\/v2\/pages\/87\/revisions\/1426"}],"up":[{"embeddable":true,"href":"https:\/\/rai2019.digitorient.com\/es\/wp-json\/wp\/v2\/pages\/26"}],"wp:attachment":[{"href":"https:\/\/rai2019.digitorient.com\/es\/wp-json\/wp\/v2\/media?parent=87"}],"curies":[{"name":"wp","href":"https:\/\/api.w.org\/{rel}","templated":true}]}}