{"id":779,"date":"2019-04-19T12:42:28","date_gmt":"2019-04-19T10:42:28","guid":{"rendered":"https:\/\/rai2019.digitorient.com\/?page_id=779"},"modified":"2019-07-05T15:39:13","modified_gmt":"2019-07-05T13:39:13","slug":"inscrits","status":"publish","type":"page","link":"https:\/\/rai2019.digitorient.com\/es\/programme\/inscrits\/","title":{"rendered":"Registrados"},"content":{"rendered":"<p>ABD OUN HASAN, Thikra<\/p>\n<p>ABDALLAH, Fayssal<\/p>\n<p>ABDULATEEF, Saja<\/p>\n<p>ABRAHAMI, Philippe<\/p>\n<p>ADELHOFER, Matthias<\/p>\n<p>AIT SAID-GHANEM, Nadia<\/p>\n<p>AL-HUSSAINY, Abbas Ali<\/p>\n<p>ALEXANDROV, Boris<\/p>\n<p>ALI, Kaifi<\/p>\n<p>ALLRED, Lance<\/p>\n<p>ALWASH, Huda Hadi<\/p>\n<p>AMRHEIN, Anastasia<\/p>\n<p>ANOR, Netanel<\/p>\n<p>ANTHONIOZ, St\u00e9phanie<\/p>\n<p>ARB\u00d8LL, Troels Pank<\/p>\n<p>ARCHI, Alfonso<\/p>\n<p>ARKHIPOV, Ilya<\/p>\n<p>ATLAN-SAYAG, Shoshana<\/p>\n<p>ATTIA, Annie<\/p>\n<p>AYEB, Loubna<\/p>\n<p>BACH, Johannes<\/p>\n<p>BACHELOT, Luc<\/p>\n<p>B\u00c1CSKAY, Andr\u00e1s<\/p>\n<p>BADERSCHNEIDER, Saskia<\/p>\n<p>BAKER, Heather<\/p>\n<p>BALLESTEROS PETRELLA, Bernardo<\/p>\n<p>BARAGLI, Beatrice<\/p>\n<p>BARKER, Alex<\/p>\n<p>BARKOWSKY, Marie<\/p>\n<p>BATTINI, Laura<\/p>\n<p>BAULINA, Kateryna<\/p>\n<p>BEAL, Richard<\/p>\n<p>BEAULIEU, Paul Alain<\/p>\n<p>BELLAT, Mathias<\/p>\n<p>BELTZ, Jon<\/p>\n<p>BENATI, Giacomo<\/p>\n<p>B\u00c9RANGER, Marine<\/p>\n<p>BESNILIAN, Mireille<\/p>\n<p>BIGOT JULOUX, Vanessa<\/p>\n<p>BILLAUD, \u00c9ric<\/p>\n<p>BJ\u00d8RU, \u00d8yvind<\/p>\n<p>BLASWEILER, Joost<\/p>\n<p>BLUNDELL, James<\/p>\n<p>BODI, Daniel<\/p>\n<p>BODDY, Kaira<\/p>\n<p>BONVIN, Emma<\/p>\n<p>BORDREUIL, Etienne<\/p>\n<p>BORKOWSKI, Sebastian<\/p>\n<p>BORRELLI, Noemi<\/p>\n<p>BOU PEREZ, Patricia<\/p>\n<p>BOUDER, Denis<\/p>\n<p>BRAMANTI, Armando<\/p>\n<p>BRETSCHNEIDER, Joachim<\/p>\n<p>BROWN, Esther<\/p>\n<p>BRYSON, Maggie<\/p>\n<p>BUISSON, Gilles<\/p>\n<p>BUJANDA, Pablo<\/p>\n<p>CALINI, Ilaria<\/p>\n<p>CANCIK-KIRSCHBAUM, Eva<\/p>\n<p>CARON, Aur\u00e9lien<\/p>\n<p>CATAGNOTI, Amalia<\/p>\n<p>CAUBET, Annie<\/p>\n<p>CAUCHI, Rosaura<\/p>\n<p>CAUSSIOL, Ngan<\/p>\n<p>CAVIGNEAUX, Antoine<\/p>\n<p>CECCARELLI, Manuel<\/p>\n<p>CERAVOLO, Marinella<\/p>\n<p>CHALENDAR, V\u00e9r\u00e8ne<\/p>\n<p>CHAMBON, Gr\u00e9gory<\/p>\n<p>CHAMBRAUD, Elora<\/p>\n<p>CHARBONNIER, Alexis<\/p>\n<p>CHARPIN, Dominique<\/p>\n<p>CHEN, Fei<\/p>\n<p>CHITI, Barbara<\/p>\n<p>CHMIELOWSKI, Stanis\u0142aw<\/p>\n<p>CLANCIER, Philippe<\/p>\n<p>CL\u00c9MENT-SOHIER, Isabelle<\/p>\n<p>CLEVENSTINE, Emmert<\/p>\n<p>CLUZAN, Sophie<\/p>\n<p>COHEN, Yoram<\/p>\n<p>COLLINS, Billie Jean (Lockwood Press)<\/p>\n<p>COLONNA D&#8217;ISTRIA, Laurent<\/p>\n<p>COOPER, Jerry<\/p>\n<p>COPPINI, Costanza<\/p>\n<p>CORDELLE, Brigitte (Galerie Antino\u00eb)<\/p>\n<p>COUSIN, Laura<\/p>\n<p>CRISOSTOMO, Jay<\/p>\n<p>CSABAI, Zolt\u00e1n<\/p>\n<p>CUIJPERS, Carin<\/p>\n<p>CULBERTSON, Laura<\/p>\n<p>CUPERLY, B\u00e9n\u00e9dicte<\/p>\n<p>DA COL, Giacomo<\/p>\n<p>DA RIVA MU\u00d1OZ, \u00a0Roc\u00edo<\/p>\n<p>DAMOUN, Georges<\/p>\n<p>DAYTON, John<\/p>\n<p>DE BOER, Rients<\/p>\n<p>DE GRUYTER, Walter GmbH<\/p>\n<p>DE MARTINO, Stefano<\/p>\n<p>DE RIDDER, Jacob<\/p>\n<p>DE ZORZI, Nicla<\/p>\n<p>DEBOURSE, C\u00e9line<\/p>\n<p>DELAPORTE, Marie-France<\/p>\n<p>DELNERO, Paul<\/p>\n<p>DELUTY, Julie<\/p>\n<p>D\u00c9MARE-LAFONT, Sophie<\/p>\n<p>DESCH, Franziska<\/p>\n<p>DEUBELBEISS, Irene<\/p>\n<p>DEVECCHI, Elena<\/p>\n<p>DEVIDAL STORCK, Romaric<\/p>\n<p>DHAHIR, Ishtar<\/p>\n<p>DI LUDOVICO, Alessandro<\/p>\n<p>DI PAOLO, Silvana<\/p>\n<p>DORSO, Louise<\/p>\n<p>DREYFUS, Fran\u00e7oise<\/p>\n<p>DROMARD, Benjamin<\/p>\n<p>DUBOVSKY, Peter<\/p>\n<p>DURAND, Jean-Marie<\/p>\n<p>ECKLIN, Sabine<\/p>\n<p>Editions de Boccard<\/p>\n<p>EDMONDS, Alexander<\/p>\n<p>EISENBRAUN, Jim<\/p>\n<p>ELAYI, Josette<\/p>\n<p>EMELIANOV, Vladimir<\/p>\n<p>ESSAM, Richard<\/p>\n<p>EULER, Katrin<\/p>\n<p>EYPPER, Sona\u00a0Choukassizian<\/p>\n<p>FAGERLI, Andr\u00e9<\/p>\n<p>FAIST, Betina<\/p>\n<p>FAIVRE, Xavier<\/p>\n<p>FARBER, Howard<\/p>\n<p>FELDMAN, Marian<\/p>\n<p>FERNANDES, Charlotte<\/p>\n<p>FIETTE, Baptiste<\/p>\n<p>FINCKE, Jeanette<\/p>\n<p>FOSTER, Benjamin<\/p>\n<p>FOUG\u00c8RE, Fr\u00e9d\u00e9ric<\/p>\n<p>FRAHM, Eckart<\/p>\n<p>FRAME, Grant<\/p>\n<p>FRANKE, Sabina<\/p>\n<p>FRANKLIN, Norma<\/p>\n<p>F\u00dcGERT, Anja<\/p>\n<p>GABRIEL, G\u00f6sta<\/p>\n<p>GALTER, Hannes<\/p>\n<p>GANNON, Helen (ISD, Distributor)<\/p>\n<p>GARCIA-VENTURA, Agnes<\/p>\n<p>GAUDRON, Pascale<\/p>\n<p>G\u00c4UMANN, Nicole Simone<\/p>\n<p>GAUTIER, Mich\u00e8le<\/p>\n<p>GELLER, Markham<\/p>\n<p>GERTOUX, G\u00e9rard<\/p>\n<p>GIANNONE, Francesco<\/p>\n<p>GIANTO, Agustinus<\/p>\n<p>GIESSLER, Julia<\/p>\n<p>GIETS, Robert (Harrassowitz Verlag)<\/p>\n<p>GIUSFREDI, Federico<\/p>\n<p>GLASSNER, Jean-Jacques<\/p>\n<p>GODDEERIS, Anne<\/p>\n<p>GON\u00c7ALVES, Carlos<\/p>\n<p>GORDEZIANI, Levan<\/p>\n<p>GORDIN, Shai<\/p>\n<p>GORI, Fiammetta<\/p>\n<p>G\u00d6RKE, Susanne<\/p>\n<p>GORRIS, Elynn<\/p>\n<p>GOUGET, Charline<\/p>\n<p>GRASLIN, Laetitia<\/p>\n<p>GRIES, Helen<\/p>\n<p>GROSS, Melanie<\/p>\n<p>GUICHARD, Michael<\/p>\n<p>GUINAN, Ann<\/p>\n<p>GYSEMBERGH, Victor<\/p>\n<p>HAMEEUW, Hendrik<\/p>\n<p>HAND, Bianca<\/p>\n<p>HARRIS, Patrick (Archaeopress Publishing Ltd)<\/p>\n<p>HAUG, Robert<\/p>\n<p>HAWLEY, Robert<\/p>\n<p>HEATH-WHYTE, George<\/p>\n<p>HEE\u00dfEL, Nils<\/p>\n<p>HEINSCH, Sandra<\/p>\n<p>HELLE, Sophus<\/p>\n<p>HERNAIZ, Rodrigo<\/p>\n<p>HIEPEL, Ludger<\/p>\n<p>HOWARD, Caleb<\/p>\n<p>HOWE, Adam<\/p>\n<p>HUBER, Eva-Maria<\/p>\n<p>HUBER VULLIET, Fabienne<\/p>\n<p>HUSSEIN, Laith M.<\/p>\n<p>IASENOVSKAIA, Anastasiia<\/p>\n<p>IDASIAK, Amandine<\/p>\n<p>ITO, Sanae<\/p>\n<p>JACQUET, Antoine<\/p>\n<p>JAKOB, Stefan<\/p>\n<p>JALLET-MARTINI, Jules<\/p>\n<p>JAQUES, Margaret<\/p>\n<p>JAUHIAINEN, Heidi<\/p>\n<p>JAUHIAINEN, Tommi<\/p>\n<p>JEDELE, Rosalie<\/p>\n<p>JOANN\u00c8S, Francis<\/p>\n<p>JOUINI, Chifa<\/p>\n<p>JURSA, Michael<\/p>\n<p>KA\u011eNICI, G\u00f6khan<\/p>\n<p>KAPELU\u015a, Magdalena<\/p>\n<p>KELLEY, Kathryn<\/p>\n<p>KELLNER, Angelika<\/p>\n<p>KEREKES, Mikl\u00f3s<\/p>\n<p>KERTAI, David<\/p>\n<p>KHAZRI, In\u00e8s<\/p>\n<p>KIM, Ari<\/p>\n<p>KITAZUMI, Tomoki<\/p>\n<p>KLEIN, Jacob<\/p>\n<p>KNOTT, Elizabeth<\/p>\n<p>KOCH, Ulla<\/p>\n<p>KOEHL, Eug\u00e9nie<\/p>\n<p>KOGAN, Leonid<\/p>\n<p>KOLBA, Anna<\/p>\n<p>KOLBEINSDOTTIR, Kolbrun<\/p>\n<p>KONSTANTOPOULOS, Gina<\/p>\n<p>KOUBKOVA, Evelyne<\/p>\n<p>KRAUS, Nicholas<\/p>\n<p>KUNTNER, Walter<\/p>\n<p>LACAMBRE, Denis<\/p>\n<p>LAM, Joseph<\/p>\n<p>LANGE, Matthias<\/p>\n<p>LARSEN, Mogens<\/p>\n<p>LAUINGER, Jacob<\/p>\n<p>LECOMPTE, Camille<\/p>\n<p>LEONHARDT, Hannes<\/p>\n<p>LERCULEUR, Rachel<\/p>\n<p>LEROY, Pauline<\/p>\n<p>LEVAVI, Yuval<\/p>\n<p>LEVENSON, Julia<\/p>\n<p>LI, Zhi<\/p>\n<p>LI\u00c9NARD, Luka<\/p>\n<p>LINKOHR, Oleg<\/p>\n<p>LION, Brigitte<\/p>\n<p>LLOP, Jaume<\/p>\n<p>LOPEZ KUCZMIK, Daniel<\/p>\n<p>LORETO, Romolo<\/p>\n<p>LOULOV\u00c1, Petra<\/p>\n<p>LUNDEEN-KAULFUS, Nicole<\/p>\n<p>MAEJIMA, Reiko<\/p>\n<p>MAGRI, Eliza<\/p>\n<p>MAIOCCHI, Massimo<\/p>\n<p>MALKA, Armand<\/p>\n<p>MANNING, Sean<\/p>\n<p>MANNING, Sinead<\/p>\n<p>MARCHEIX, Loraine<\/p>\n<p>MARGUERON, Jean-Claude<\/p>\n<p>MARIN-BAYONA, Nicolas<\/p>\n<p>MARINEAU, Robert<\/p>\n<p>MARKINA, Ekaterina<\/p>\n<p>MARTI, Lionel<\/p>\n<p>MARTINS, Ivo<\/p>\n<p>MATO\u00cfAN, Val\u00e9rie<\/p>\n<p>MATUSZAK, Jana<\/p>\n<p>MAZZONI, Stefania<\/p>\n<p>MEINHOLD, Wiebke<\/p>\n<p>METZLER, Kai (\u00e9diteur Zaphon)<\/p>\n<p>MICHALOWSKI, Piotr<\/p>\n<p>MICHEL, C\u00e9cile<\/p>\n<p>MICHEL, Patrick<\/p>\n<p>MIDDEKE-CONLIN, Robert<\/p>\n<p>MINEN, Francesca<\/p>\n<p>MIROUDOT, Gilles<\/p>\n<p>MIRZA, Ahmed<\/p>\n<p>MITTERMAYER, Catherine<\/p>\n<p>MOHAMMED, Nader<\/p>\n<p>Mohr Siebeck GmbH &amp; Co. KG<\/p>\n<p>MOHSIN, Ali<\/p>\n<p>MOKR\u00dd, Matou\u0161<\/p>\n<p>MOLLET, B\u00e9atrice<\/p>\n<p>MONERIE, Julien<\/p>\n<p>MOORE, Stephen<\/p>\n<p>MORA, Clelia<\/p>\n<p>MOREAU, Kilian<\/p>\n<p>MORGAN, Cheryl<\/p>\n<p>MOSTAZO SALAZAR, Juan<\/p>\n<p>MOUTON, Alice<\/p>\n<p>MULLER, B\u00e9atrice<\/p>\n<p>MULLER, Virginie<\/p>\n<p>M\u00dcLLER, Gerfrid<\/p>\n<p>MYN\u00c1\u0158OV\u00c1, Jana<\/p>\n<p>MZALI, Sonia<\/p>\n<p>N&#8217;SHEA, Omar<\/p>\n<p>NADALI, Davide<\/p>\n<p>NEBIOLO, Francesca<\/p>\n<p>NEMIROVSKAYA, Adel<\/p>\n<p>NEUMANN, Georg<\/p>\n<p>NEUMANN, Hans<\/p>\n<p>NEUMANN, Kiersten<\/p>\n<p>NICOLLE, Christophe<\/p>\n<p>NIEDERREITER, Zoltan<\/p>\n<p>NOTIZIA, Palmiro<\/p>\n<p>NOVIKOVA, Anna<\/p>\n<p>NOVOTNY, Jamie<\/p>\n<p>NURMIKKO-FULLER, Terhi<\/p>\n<p>OPDENAKKER, Raymond<\/p>\n<p>OSSENDRIJVER, Antonius<\/p>\n<p>OTTO, Adelheid<\/p>\n<p>OWEN, David I.<\/p>\n<p>PACE, J\u00e9r\u00f4me<\/p>\n<p>PACELLI, Flavia<\/p>\n<p>PACI, Aur\u00e9lie<\/p>\n<p>PAG\u00c9-PERRON, Emilie<\/p>\n<p>PALADRE, Cl\u00e9lia<\/p>\n<p>PALERMO, Rocco<\/p>\n<p>PALLAVIDINI, Marta<\/p>\n<p>PALMERO FERNANDEZ, Monica<\/p>\n<p>PANAYOTOV, Strahil<\/p>\n<p>PAPPI, Cinzia<\/p>\n<p>PECHA, Luk\u00e1s<\/p>\n<p>PELLETIER, Val\u00e9rie<\/p>\n<p>Penn State University Press<\/p>\n<p>PFITZNER, Judith<\/p>\n<p>PFOH, Emanuel<\/p>\n<p>PICCIN, Michela<\/p>\n<p>PIQUE, Morgane<\/p>\n<p>PISANIELLO, Valerio<\/p>\n<p>PITTMAN, Holly<\/p>\n<p>POHL, Antonia<\/p>\n<p>POLI, Paola Giovanna<\/p>\n<p>POLIG, Martina<\/p>\n<p>PONGRATZ-LEISTEN, Beate<\/p>\n<p>PORTUESE, Ludovico<\/p>\n<p>POSANI, Claudia<\/p>\n<p>POSTGATE, John Nicholas<\/p>\n<p>POTTORF, Andrew<\/p>\n<p>POZZER, Katia<\/p>\n<p>PRECHEL, Doris<\/p>\n<p>PROSSER, Miller<\/p>\n<p>PROUST, Christine<\/p>\n<p>PRU\u00df, Alexander<\/p>\n<p>PRYKE, Louise<\/p>\n<p>PU\u00c9RTOLAS RUBIO, Laura<\/p>\n<p>QUILLIEN, Louise<\/p>\n<p>RACINE-DOGNIN, Elisabeth<\/p>\n<p>RAMAZZOTTI, Marco<\/p>\n<p>RAMEZ, Manon<\/p>\n<p>RANDA, Vladimir (Peeters Publishers)<\/p>\n<p>READE, Julian<\/p>\n<p>RECULEAU, Herv\u00e9<\/p>\n<p>REYNAUD, Adeline<\/p>\n<p>RIEKEN, Elisabeth<\/p>\n<p>RINDERER, Maya<\/p>\n<p>ROAF, Michael<\/p>\n<p>ROBSON, Eleanor<\/p>\n<p>ROCHE-HAWLEY, Carole<\/p>\n<p>ROINTRU, Ka\u00efna<\/p>\n<p>R\u00d6MER, Thomas<\/p>\n<p>ROOSEN, Bram (BREPOLS PUBLISHERS NV)<\/p>\n<p>ROZZI, Geraldina<\/p>\n<p>RUBIN, Zachary<\/p>\n<p>RUDIK, Nadezda<\/p>\n<p>RUMOR, Maddalena<\/p>\n<p>RUSSELL, Ishbel<\/p>\n<p>SAHALA, Aleksi<\/p>\n<p>SALLABERGER, Walther<\/p>\n<p>SANDOWICZ, Malgorzata<\/p>\n<p>SASSEVILLE, David<\/p>\n<p>SASSON, Jack M.<\/p>\n<p>SCANNAPIECO, Paolo<\/p>\n<p>SCHAUDIG, Hanspeter<\/p>\n<p>SCHMIDHUBER, Christoph<\/p>\n<p>SCHMIDT, Katharina<\/p>\n<p>SCHNELL, Ryan<\/p>\n<p>SCHNITZLEIN, Babette<\/p>\n<p>SCURLOCK, JoAnn<\/p>\n<p>SEIRE, Maarja<\/p>\n<p>SEK, Olya<\/p>\n<p>SHAWALY, Kawah<\/p>\n<p>SHEHATA, Dahlia<\/p>\n<p>SHELESTIN, Vladimir<\/p>\n<p>SHIBATA, Daisuke<\/p>\n<p>SHIPPELHOUTE, Karlene<\/p>\n<p>SIBBING-PLANTHOLT, Irene<\/p>\n<p>SIEDA, Abdulbaset<\/p>\n<p>SIGRIST, Marcel<\/p>\n<p>SIMK\u00d3, Kriszti\u00e1n<\/p>\n<p>SIMON, Zsolt<\/p>\n<p>SIMONS, Frank<\/p>\n<p>SOLOGUBOVA, Maria<\/p>\n<p>SONIK, Karen<\/p>\n<p>SOOHOO, Anthony<\/p>\n<p>SPADA, Gabriella<\/p>\n<p>STADHOUDERS, Henry<\/p>\n<p>STEINERT, Ulrike<\/p>\n<p>STOL, Marten<\/p>\n<p>STONE, Elizabeth<\/p>\n<p>SURDI, Mirko<\/p>\n<p>SUTER, Claudia E.<\/p>\n<p>TARASEVICZ, Rados\u0142aw<\/p>\n<p>TAVERNIER, Jan<\/p>\n<p>TAYLOR, Ashleigh<\/p>\n<p>TAYLOR, Avary<\/p>\n<p>TAYLOR, Jonathan<\/p>\n<p>TENU, Aline<\/p>\n<p>T\u00c9TART-PERRIER, Laurie<\/p>\n<p>THAVAPALAN, Shiyanthi<\/p>\n<p>TIAN, Chenghao<\/p>\n<p>TINNEY, Stephen<\/p>\n<p>TORRI, Giulia<\/p>\n<p>TOUCAS, Guillaume<\/p>\n<p>TOUILLON-RICCI, Mathilde<\/p>\n<p>TRAMERI, Andrea<\/p>\n<p>TSOUPAROPOULOU, Christina<\/p>\n<p>TUDEAU, Johanna<\/p>\n<p>TUGENDHAFT, Aaron<\/p>\n<p>TUSHINGHAM, Poppy<\/p>\n<p>TYBOROWSKI, Witold<\/p>\n<p>ULANOWSKI, Krzysztof<\/p>\n<p>UOTILA, Repekka<\/p>\n<p>URBANO, Luciana<\/p>\n<p>VALLET, Regis<\/p>\n<p>VAN DE MIEROOP, Marc<\/p>\n<p>VAN DE PEUT, Lidewij<\/p>\n<p>VANDERSTRAETEN, Evelien<\/p>\n<p>VEENHOF, Klaas R.<\/p>\n<p>VERDELLET, C\u00e9cile<\/p>\n<p>VERDERAME, Lorenzo<\/p>\n<p>VIAGGIU, Irene<\/p>\n<p>VIANO, Maurizio<\/p>\n<p>VILLARD, Pierre<\/p>\n<p>VITA, Juan Pablo<\/p>\n<p>VOLPI, Sasha Alessandro<\/p>\n<p>VON DASSOW, Eva<\/p>\n<p>WAERZEGGERS, Caroline<\/p>\n<p>WAGENSONNER, Klaus<\/p>\n<p>WAGNER-DURAND, Elisabeth<\/p>\n<p>WANG, Tzu-Jang<\/p>\n<p>WANG, Xianhua<\/p>\n<p>WARIN,\u00a0Christian<\/p>\n<p>WATAI, Yoko<\/p>\n<p>WATANABE, Chikako<\/p>\n<p>WEIERSH\u00c4USER, Frauke<\/p>\n<p>WESZELI, Michaela<\/p>\n<p>WILHELM, Gernot<\/p>\n<p>WILHELMI, Lisa<\/p>\n<p>WINITZER, Abraham<\/p>\n<p>WINTERS, Ryan<\/p>\n<p>WISNOM, Laura Selena<\/p>\n<p>WITZIG, Sophia<\/p>\n<p>WORTHINGTON, Martin<\/p>\n<p>YAKUBOVICH, Ilya<\/p>\n<p>YAMADA, Shigeo<\/p>\n<p>YOUNG, Marie<\/p>\n<p>YUAN, Li<\/p>\n<p>ZERAN, Emily<\/p>\n<p>ZIANNIS, Sophia<\/p>\n<p>ZIEGLER, Nele<\/p>\n<p>ZIEMANN, Marcus<\/p>\n<p>ZIMANSKY, Paul<\/p>\n<p>ZOMER, Elyze<\/p>\n","protected":false},"excerpt":{"rendered":"<p>ABD OUN HASAN, Thikra ABDALLAH, Fayssal ABDULATEEF, Saja ABRAHAMI, Philippe ADELHOFER, Matthias AIT SAID-GHANEM, Nadia AL-HUSSAINY, Abbas Ali ALEXANDROV, Boris ALI, Kaifi ALLRED, Lance ALWASH, Huda Hadi AMRHEIN, Anastasia ANOR, Netanel ANTHONIOZ, St\u00e9phanie ARB\u00d8LL, Troels Pank ARCHI, Alfonso ARKHIPOV, Ilya ATLAN-SAYAG, Shoshana ATTIA, Annie AYEB, Loubna BACH, Johannes BACHELOT, Luc B\u00c1CSKAY, Andr\u00e1s BADERSCHNEIDER, Saskia BAKER, &hellip; <\/p>\n<p class=\"link-more\"><a href=\"https:\/\/rai2019.digitorient.com\/es\/programme\/inscrits\/\" class=\"more-link\">Continuar leyendo<span class=\"screen-reader-text\"> \u00abRegistrados\u00bb<\/span><\/a><\/p>\n","protected":false},"author":152,"featured_media":0,"parent":19,"menu_order":0,"comment_status":"closed","ping_status":"closed","template":"","meta":{"ngg_post_thumbnail":0,"footnotes":""},"class_list":["post-779","page","type-page","status-publish","hentry"],"_links":{"self":[{"href":"https:\/\/rai2019.digitorient.com\/es\/wp-json\/wp\/v2\/pages\/779","targetHints":{"allow":["GET"]}}],"collection":[{"href":"https:\/\/rai2019.digitorient.com\/es\/wp-json\/wp\/v2\/pages"}],"about":[{"href":"https:\/\/rai2019.digitorient.com\/es\/wp-json\/wp\/v2\/types\/page"}],"author":[{"embeddable":true,"href":"https:\/\/rai2019.digitorient.com\/es\/wp-json\/wp\/v2\/users\/152"}],"replies":[{"embeddable":true,"href":"https:\/\/rai2019.digitorient.com\/es\/wp-json\/wp\/v2\/comments?post=779"}],"version-history":[{"count":148,"href":"https:\/\/rai2019.digitorient.com\/es\/wp-json\/wp\/v2\/pages\/779\/revisions"}],"predecessor-version":[{"id":1439,"href":"https:\/\/rai2019.digitorient.com\/es\/wp-json\/wp\/v2\/pages\/779\/revisions\/1439"}],"up":[{"embeddable":true,"href":"https:\/\/rai2019.digitorient.com\/es\/wp-json\/wp\/v2\/pages\/19"}],"wp:attachment":[{"href":"https:\/\/rai2019.digitorient.com\/es\/wp-json\/wp\/v2\/media?parent=779"}],"curies":[{"name":"wp","href":"https:\/\/api.w.org\/{rel}","templated":true}]}}