{"id":1440,"date":"2019-07-05T18:51:01","date_gmt":"2019-07-05T16:51:01","guid":{"rendered":"https:\/\/rai2019.digitorient.com\/?page_id=1440"},"modified":"2019-07-10T16:13:00","modified_gmt":"2019-07-10T14:13:00","slug":"changements-de-derniere-minute","status":"publish","type":"page","link":"https:\/\/rai2019.digitorient.com\/es\/changements-de-derniere-minute\/","title":{"rendered":"Cambios de \u00faltima hora"},"content":{"rendered":"<p><strong>\u2013 Monday 8, July<\/strong><\/p>\n<p>We are sorry to announce that the following colleagues will not be able to attend the RAI and had to cancel their conference:<\/p>\n<p>\u2013 11:30am: S. Maul<\/p>\n<p>\u2013 4:30pm: E. M. Huber<\/p>\n<p>\u2013 6pm: R. Palermo.<\/p>\n<p>&nbsp;<\/p>\n<p>Additional communication:<\/p>\n<p>\u2013 6pm (Bud\u00e9 amphitheatre) : A. Al-Hussainy (University of Al-Qadisiyah, Iraq), \u201cMi-Enlil-Arahtum Survey Season 2018-2019\u201d<\/p>\n<p>&nbsp;<\/p>\n<p><strong>\u2013 Tuesday 9, July<\/strong><\/p>\n<p>D. Shibata &amp; Sh. Yamada, \u201cThe Building Inscriptions of A\u0161\u0161ur-ketta-l\u0113\u0161ir II, \u2018King of the Land of M\u0101ri&#8217;, in the Late MA Period: Their Hist. Implications\u201d moved on Thursday 11, July (4pm, Halbwachs amphitheatre).<\/p>\n<p>&nbsp;<\/p>\n<p><strong>\u2013 Thursday 11, July<\/strong><\/p>\n<p>We are sorry to announce that the following colleague will not be able to attend the RAI and had to cancel their conference:<\/p>\n<p>\u2013 2:30pm Marguerite de Navarre : S. Heinsch-Kuntner, \u201cSeleucid Borsippa\u201d<\/p>\n<p>&nbsp;<\/p>\n<p>Change of program:<\/p>\n<p>\u2013 P. Abrahami &amp; B. Lion, \u201cLes fonctions des rois d\u2019Arraphe d\u2019apr\u00e8s leurs \u00e9dits et leurs lettres\u201d on Thursday 11, at 2:30pm in Marguerite de Navarre (initially planned at 12pm)<\/p>\n<p>&nbsp;<\/p>\n<p>Additional communication:<\/p>\n<p>\u2013 4pm Halbwachs amphitheatre: D. Shibata &amp; Sh. Yamada, \u201cThe Building Inscriptions of A\u0161\u0161ur-ketta-l\u0113\u0161ir II, \u2018King of the Land of M\u0101ri&#8217;, in the Late MA Period: Their Hist. Implications\u201d (initially planned on Tuesday 9).<\/p>\n<p>\u2013 12pm Marguerite de Navarre: Eva von Dassow, \u201cDiscriminating among citizens and non in second-millennium Mesopotamia\u201d<\/p>","protected":false},"excerpt":{"rendered":"<p>\u2013 Monday 8, July We are sorry to announce that the following colleagues will not be able to attend the RAI and had to cancel their conference: \u2013 11:30am: S. Maul \u2013 4:30pm: E. M. Huber \u2013 6pm: R. Palermo. &nbsp; Additional communication: \u2013 6pm (Bud\u00e9 amphitheatre) : A. Al-Hussainy (University of Al-Qadisiyah, Iraq), \u201cMi-Enlil-Arahtum &hellip; <\/p>\n<p class=\"link-more\"><a href=\"https:\/\/rai2019.digitorient.com\/es\/changements-de-derniere-minute\/\" class=\"more-link\">Continuar leyendo<span class=\"screen-reader-text\"> \u00abCambios de \u00faltima hora\u00bb<\/span><\/a><\/p>\n","protected":false},"author":152,"featured_media":0,"parent":0,"menu_order":0,"comment_status":"closed","ping_status":"closed","template":"","meta":{"ngg_post_thumbnail":0,"footnotes":""},"class_list":["post-1440","page","type-page","status-publish","hentry"],"_links":{"self":[{"href":"https:\/\/rai2019.digitorient.com\/es\/wp-json\/wp\/v2\/pages\/1440","targetHints":{"allow":["GET"]}}],"collection":[{"href":"https:\/\/rai2019.digitorient.com\/es\/wp-json\/wp\/v2\/pages"}],"about":[{"href":"https:\/\/rai2019.digitorient.com\/es\/wp-json\/wp\/v2\/types\/page"}],"author":[{"embeddable":true,"href":"https:\/\/rai2019.digitorient.com\/es\/wp-json\/wp\/v2\/users\/152"}],"replies":[{"embeddable":true,"href":"https:\/\/rai2019.digitorient.com\/es\/wp-json\/wp\/v2\/comments?post=1440"}],"version-history":[{"count":10,"href":"https:\/\/rai2019.digitorient.com\/es\/wp-json\/wp\/v2\/pages\/1440\/revisions"}],"predecessor-version":[{"id":1453,"href":"https:\/\/rai2019.digitorient.com\/es\/wp-json\/wp\/v2\/pages\/1440\/revisions\/1453"}],"wp:attachment":[{"href":"https:\/\/rai2019.digitorient.com\/es\/wp-json\/wp\/v2\/media?parent=1440"}],"curies":[{"name":"wp","href":"https:\/\/api.w.org\/{rel}","templated":true}]}}