{"id":105,"date":"2018-11-07T16:52:51","date_gmt":"2018-11-07T15:52:51","guid":{"rendered":"http:\/\/rai2019.digitorient.com\/?page_id=105"},"modified":"2018-12-06T12:21:06","modified_gmt":"2018-12-06T11:21:06","slug":"subvention-de-liaa","status":"publish","type":"page","link":"https:\/\/rai2019.digitorient.com\/es\/subvention-de-liaa\/","title":{"rendered":"Subvenciones"},"content":{"rendered":"<p>La IAA ofrece\u00a0<strong>\u20ac 400<\/strong>\u00a0a <strong>cinco j\u00f3venes investigadores<\/strong> para cubrir una parte de los gastos de inscripci\u00f3n y de transporte, de modo\u00a0que puedan presentar su trabajo de investigaci\u00f3n durante el encuentro.<\/p>\n<p>Los premios est\u00e1n destinados a investigadores que han terminado su doctorado en los \u00faltimos ocho a\u00f1os y que no benefician de otras subvenciones para hacer parte de la RAI.<\/p>\n<p>La fecha l\u00edmite para postular es el 1 de marzo de 2019.<\/p>\n<p>Enlace:\u00a0<a href=\"https:\/\/iaassyriology.com\/iaa-fund-recent-phds-rai-attendance\" target=\"_blank\" rel=\"noopener\">https:\/\/iaassyriology.com\/iaa-fund-recent-phds-rai-attendance<\/a>.<\/p>","protected":false},"excerpt":{"rendered":"<p>La IAA ofrece\u00a0\u20ac 400\u00a0a cinco j\u00f3venes investigadores para cubrir una parte de los gastos de inscripci\u00f3n y de transporte, de modo\u00a0que puedan presentar su trabajo de investigaci\u00f3n durante el encuentro. Los premios est\u00e1n destinados a investigadores que han terminado su doctorado en los \u00faltimos ocho a\u00f1os y que no benefician de otras subvenciones para hacer &hellip; <\/p>\n<p class=\"link-more\"><a href=\"https:\/\/rai2019.digitorient.com\/es\/subvention-de-liaa\/\" class=\"more-link\">Continuar leyendo<span class=\"screen-reader-text\"> \u00abSubvenciones\u00bb<\/span><\/a><\/p>\n","protected":false},"author":152,"featured_media":0,"parent":0,"menu_order":0,"comment_status":"closed","ping_status":"closed","template":"","meta":{"ngg_post_thumbnail":0,"footnotes":""},"class_list":["post-105","page","type-page","status-publish","hentry"],"_links":{"self":[{"href":"https:\/\/rai2019.digitorient.com\/es\/wp-json\/wp\/v2\/pages\/105","targetHints":{"allow":["GET"]}}],"collection":[{"href":"https:\/\/rai2019.digitorient.com\/es\/wp-json\/wp\/v2\/pages"}],"about":[{"href":"https:\/\/rai2019.digitorient.com\/es\/wp-json\/wp\/v2\/types\/page"}],"author":[{"embeddable":true,"href":"https:\/\/rai2019.digitorient.com\/es\/wp-json\/wp\/v2\/users\/152"}],"replies":[{"embeddable":true,"href":"https:\/\/rai2019.digitorient.com\/es\/wp-json\/wp\/v2\/comments?post=105"}],"version-history":[{"count":11,"href":"https:\/\/rai2019.digitorient.com\/es\/wp-json\/wp\/v2\/pages\/105\/revisions"}],"predecessor-version":[{"id":218,"href":"https:\/\/rai2019.digitorient.com\/es\/wp-json\/wp\/v2\/pages\/105\/revisions\/218"}],"wp:attachment":[{"href":"https:\/\/rai2019.digitorient.com\/es\/wp-json\/wp\/v2\/media?parent=105"}],"curies":[{"name":"wp","href":"https:\/\/api.w.org\/{rel}","templated":true}]}}