{"id":101,"date":"2018-11-07T16:49:37","date_gmt":"2018-11-07T15:49:37","guid":{"rendered":"http:\/\/rai2019.digitorient.com\/?page_id=101"},"modified":"2019-06-01T12:13:14","modified_gmt":"2019-06-01T10:13:14","slug":"ateliers","status":"publish","type":"page","link":"https:\/\/rai2019.digitorient.com\/es\/ateliers\/","title":{"rendered":"Workshops"},"content":{"rendered":"<p><\/p>\n<h1 align=\"justify\"><strong><span style=\"font-family: Times New Roman, serif;\"><span style=\"font-size: small;\"><span style=\"color: #000000;\">Workshops list:<\/span><\/span><\/span><\/strong><\/h1>\n<p align=\"justify\"><span style=\"font-family: Times New Roman, serif;\"><span style=\"font-size: small;\"><span style=\"color: #000000;\">&#8211;<\/span><span style=\"color: #000000;\"> \u201cAnatomy of Seals: Considering Materiality, Meaning and Society.\u201d Organizer: L.\u00a0Battini (CNRS).<\/span><\/span><\/span><\/p>\n<p align=\"justify\"><span style=\"font-family: Times New Roman, serif;\"><span style=\"font-size: small;\"><span style=\"color: #000000;\">&#8211; <\/span><span style=\"color: #000000;\">\u201c<a href=\"https:\/\/rai2019.digitorient.com\/wp-content\/uploads\/sites\/5\/2019\/04\/Proposition_atelier_RAI_comple\u0300te.pdf\" target=\"_blank\" rel=\"noopener\">Artefacts, Artisans et Techniques<\/a><\/span><span style=\"color: #000000;\">. <\/span><span style=\"color: #000000;\">Nouvelles approches contextuelles sur la culture mat\u00e9rielle au Proche-Orient ancien<\/span><span style=\"color: #000000;\">.<\/span><span style=\"color: #000000;\">\u201d<\/span><span style=\"color: #000000;\"> Organizers:<\/span> <span style=\"color: #000000;\">G.\u00a0Chambon (EHESS\/PSL), M.\u00a0Guichard (EPHE\/PSL), F.\u00a0Joann\u00e8s (<\/span><span style=\"color: #000000;\">Universit\u00e9 Paris 1 Panth\u00e9on Sorbonne<\/span><span style=\"color: #000000;\">), L.\u00a0Quillien (Universit\u00e9 Paris 1 Panth\u00e9on Sorbonne) and M.\u00a0Ramez (EPHE\/PSL).<\/span><\/span><\/span><\/p>\n<p align=\"justify\"><span style=\"font-family: Times New Roman, serif;\"><span style=\"font-size: small;\"><span style=\"color: #000000;\">&#8211; \u201c<a href=\"https:\/\/rai2019.digitorient.com\/wp-content\/uploads\/sites\/5\/2019\/06\/OK_OK_PFOH__VERDERAME_Anthropology-65th-RAI-2019.pdf\" target=\"_blank\" rel=\"noopener\">Assyriology and Anthropology<\/a>.\u201d<\/span><span style=\"color: #000000;\">\u00a0Organizers: E.<\/span><span style=\"color: #000000;\"> Pfoh <\/span><span style=\"color: #000000;\">(<\/span><span style=\"color: #000000;\">CONICET<\/span><span style=\"color: #000000;\"> \/ <\/span><span style=\"color: #000000;\">National University of La Plata<\/span><span style=\"color: #000000;\">) and<\/span> <span style=\"color: #000000;\">L.\u00a0<\/span><span style=\"color: #000000;\">Verderame <\/span><span style=\"color: #000000;\">(Universit<\/span><span style=\"color: #000000;\">\u00e0 degli Studi di Roma<\/span><span style=\"color: #000000;\">).<\/span><\/span><\/span><\/p>\n<p align=\"justify\"><span style=\"color: #000000;\"><span style=\"font-family: Times New Roman, serif;\"><span style=\"font-size: small;\">&#8211; \u201cCurrent Archaeological and Epigraphic Research in Iraq: The Transtigrine Region.\u201d Organizers: L.\u00a0Marti (CNRS) and C.\u00a0Pappi (University of Innsbruck).<\/span><\/span><\/span><\/p>\n<p align=\"justify\"><span style=\"font-family: Times New Roman, serif;\"><span style=\"font-size: small;\"><span style=\"color: #000000;\">&#8211; <\/span><span style=\"color: #000000;\">\u201c<a href=\"https:\/\/rai2019.digitorient.com\/wp-content\/uploads\/sites\/5\/2019\/06\/OK_BRAMANTI_al_Early-Mesopotamia-UPDATED.pdf\" target=\"_blank\" rel=\"noopener\">Current Research in Early Mesopotamian Studies<\/a>.\u201d<\/span><span style=\"color: #000000;\">\u00a0Organizers: A.\u00a0<\/span><span style=\"color: #000000;\">Bramanti<\/span><span style=\"color: #000000;\"> (<\/span><span style=\"color: #000000;\">Universit\u00e9 de<\/span> <span style=\"color: #000000;\">Gen\u00e8ve<\/span><span style=\"color: #000000;\">)<\/span><span style=\"color: #000000;\">,<\/span><span style=\"color: #000000;\"> N.\u00a0<\/span><span style=\"color: #000000;\">Kraus<\/span><span style=\"color: #000000;\"> (<\/span><span style=\"color: #000000;\">Freie Universit\u00e4t Berlin<\/span><span style=\"color: #000000;\">) and P.\u00a0<\/span><span style=\"color: #000000;\">Notizia<\/span><span style=\"color: #000000;\"> (<\/span><span style=\"color: #000000;\">Universit\u00e0 degli Studi di Messina<\/span><span style=\"color: #000000;\">).<\/span><\/span><\/span><\/p>\n<p align=\"justify\"><span style=\"font-family: Times New Roman, serif;\"><span style=\"font-size: small;\"><span style=\"color: #000000;\">&#8211; \u201c<a href=\"https:\/\/rai2019.digitorient.com\/wp-content\/uploads\/sites\/5\/2019\/05\/OK_SHIBATA_Workshop_Proposal_Current-Research-in-Middle-Assyrian.pdf\" target=\"_blank\" rel=\"noopener\">Current Research in Middle Assyrian<\/a>.\u201d<\/span>\u00a0<span style=\"color: #000000;\">Organizers<\/span>: J. de Ridder (<span lang=\"de-DE\">Friedrich-Schiller-Universit\u00e4t Jena<\/span>) and D. Shibata (<span lang=\"de-DE\">University of Tsukuba<\/span>).<\/span><\/span><\/p>\n<p align=\"justify\"><span style=\"font-family: Times New Roman, serif;\"><span style=\"font-size: small;\"><span style=\"color: #000000;\">&#8211; \u201c<a href=\"https:\/\/rai2019.digitorient.com\/wp-content\/uploads\/sites\/5\/2019\/04\/Bigot_Juloux-Di_Ludovico_Workshop_Proposal_RAI_2019.doc\" target=\"_blank\" rel=\"noopener\">Digital Practices in Western Asiatic Studies: experiments and advances<\/a><\/span><span style=\"color: #000000;\"><span lang=\"en-US\">.\u201d Organizers: V. Bigot Juloux (EPHE\/PSL, Paris) and A. Di Ludovico (Sapienza Universit\u00e0 di Roma).<\/span><\/span><\/span><\/span><\/p>\n<p align=\"justify\"><span style=\"font-family: Times New Roman, serif;\"><span style=\"font-size: small;\"><span style=\"color: #000000;\"><span lang=\"en-US\">&#8211;<\/span><\/span><span style=\"color: #000000;\"> \u201c<a href=\"https:\/\/rai2019.digitorient.com\/wp-content\/uploads\/sites\/5\/2019\/04\/RAI-workshop-Luwian-in-Cuneiform.pdf\" target=\"_blank\" rel=\"noopener\">Luwian in Cuneiform<\/a>.\u201d<\/span><span style=\"color: #000000;\">\u00a0<\/span><span style=\"color: #000000;\">Organizers<\/span><span style=\"color: #000000;\">: A.\u00a0Mouton (CNRS) and I.<\/span><span style=\"color: #000000;\"> Yakubovich <\/span><span style=\"color: #000000;\">(Russian <\/span><span style=\"color: #000000;\">Academy of Sciences<\/span><span style=\"color: #000000;\"> \/ <\/span><span style=\"color: #000000;\">Philipps-Universit\u00e4t Marburg<\/span><span style=\"color: #000000;\">).<\/span><\/span><\/span><\/p>\n<p align=\"justify\"><span style=\"font-family: Times New Roman, serif;\"><span style=\"font-size: small;\"><span style=\"color: #000000;\"><span lang=\"en-US\">&#8211; \u201c<a href=\"https:\/\/rai2019.digitorient.com\/wp-content\/uploads\/sites\/5\/2019\/04\/PROUST_workshop-math-proposition-2019-03-31-1.docx\" target=\"_blank\" rel=\"noopener\">Math\u00e9matiques dans diff\u00e9rents cadres institutionnels<\/a><\/span><\/span><\/span><\/span><span style=\"color: #000000;\">\u00a0:<span style=\"font-family: Times New Roman, serif;\"><span style=\"font-size: small;\"> palais, temples, \u00e9coles, maisonn\u00e9es.\u201d Organizer: C.\u00a0Proust (CNRS &amp; Universit\u00e9 Paris Diderot).<\/span><\/span><\/span><\/p>\n<p align=\"justify\"><span style=\"font-family: Times New Roman, serif;\"><span style=\"font-size: small;\"><span style=\"color: #000000;\">&#8211; \u201c<a href=\"https:\/\/rai2019.digitorient.com\/wp-content\/uploads\/sites\/5\/2019\/05\/OK_ATTIA_table-ronde-me\u0301decine-me\u0301sopotamienne-1.pdf\" target=\"_blank\" rel=\"noopener\">M\u00e9decine M\u00e9sopotamienne<\/a><span lang=\"en-US\">.<\/span><span lang=\"en-US\">\u201d<\/span><\/span><span style=\"color: #000000;\">\u00a0Organizers: A. Attia (UMR <\/span><span style=\"color: #000000;\">7192) and G. Buisson (UMR 7192) with the collaboration of M. Geller (<\/span><span style=\"color: #000000;\"><span lang=\"en-US\">University College London<\/span><\/span><span style=\"color: #000000;\">).<\/span><\/span><\/span><\/p>\n<p align=\"justify\"><span style=\"font-family: Times New Roman, serif;\"><span style=\"font-size: small;\"><span style=\"color: #000000;\"><span lang=\"en-US\">&#8211; \u201c<a href=\"https:\/\/rai2019.digitorient.com\/wp-content\/uploads\/sites\/5\/2019\/04\/TINNEY_ROBSON_Oracc_Workshop_2019.docx\" target=\"_blank\" rel=\"noopener\">Oracc Workshop<\/a><\/span><\/span><span style=\"color: #000000;\"><span lang=\"en-US\">.<\/span><\/span><span style=\"color: #000000;\"><span lang=\"en-US\">\u201d<\/span><\/span> <span style=\"color: #000000;\">Organizers<\/span><span style=\"color: #000000;\"><span lang=\"en-US\">: S.\u00a0Tinney (Penn Museum), E.\u00a0Robson (University College London) and J.\u00a0Novotny (Ludwig-Maximilians-Universit\u00e4t M\u00fcnchen).<\/span><\/span><\/span><\/span><\/p>\n<p align=\"justify\"><span style=\"font-family: Times New Roman, serif;\"><span style=\"font-size: small;\"><span style=\"color: #000000;\"><span lang=\"en-US\">&#8211; \u201c<a href=\"https:\/\/rai2019.digitorient.com\/wp-content\/uploads\/sites\/5\/2019\/05\/Practical_Education_Workshop_RAI_65_Paris_2019_v5_en-ligne.pdf\" target=\"_blank\" rel=\"noopener\">Practical Education in Ancient Mesopotamia<\/a>.\u201d\u00a0Organizers: M.\u00a0B\u00e9ranger<\/span><\/span><span style=\"color: #1155cc;\"><span style=\"color: #000000;\"><span lang=\"en-US\"> (Coll\u00e8ge de France) and P.\u00a0Delnero (Johns Hopkins University).<\/span><\/span><\/span><\/span><\/span><\/p>\n<p align=\"justify\"><span style=\"font-family: Times New Roman, serif;\"><span style=\"font-size: small;\"><span style=\"color: #000000;\">&#8211; \u201c<a href=\"https:\/\/rai2019.digitorient.com\/wp-content\/uploads\/sites\/5\/2019\/05\/OK_AL-MAQDISSI_Dussaud.pdf\" target=\"_blank\" rel=\"noopener\">Ren\u00e9 Dussaud et la \u00ab\u00a0question arch\u00e9ologique syrienne\u00a0\u00bb<\/a>\u201d<\/span><span style=\"color: #000000;\">\u00a0<\/span><span style=\"color: #000000;\">Organizer: M. Al-Maqdissi<\/span><span style=\"color: #000000;\"> (<\/span><span style=\"color: #000000;\">DAO-Mus\u00e9e du Louvre<\/span><span style=\"color: #000000;\">).<\/span><\/span><\/span><\/p>\n<p align=\"justify\"><span style=\"font-family: Times New Roman, serif;\"><span style=\"font-size: small;\"><span style=\"color: #000000;\">&#8211; \u201c<a href=\"https:\/\/rai2019.digitorient.com\/wp-content\/uploads\/sites\/5\/2019\/06\/OK_PORTUESE__PALLADIVINI_Workshop_Portuese_Pallavidini_RAI65.pdf\" target=\"_blank\" rel=\"noopener\">Researching Metaphor in the Ancient Near East<\/a>:<\/span><span style=\"color: #000000;\">\u00a0Perspectives from Texts and Image<\/span><span style=\"color: #000000;\">s.<\/span><span style=\"color: #000000;\">\u201d\u00a0<\/span><span style=\"color: #000000;\">Organizers: L.\u00a0Portuese (Freie Universit\u00e4t Berlin) and M.\u00a0<\/span><span style=\"color: #000000;\">Pallavidini (Freie Universit\u00e4t Berlin).<\/span><\/span><\/span><\/p>\n<p align=\"justify\"><span style=\"font-family: Times New Roman, serif;\"><span style=\"font-size: small;\">&#8211; \u201c<a href=\"https:\/\/rai2019.digitorient.com\/wp-content\/uploads\/sites\/5\/2019\/06\/OK_KONSTANTOPOULOS_Narrative_Workshop-Proposal.pdf\" target=\"_blank\" rel=\"noopener\">The Shape of Stories<\/a>: Narrative Structures in Cuneiform Literature.\u201d\u00a0<span style=\"color: #000000;\">Organizers<\/span>: G.\u00a0Konstantopoulos (University of Helsinki) and S.\u00a0Helle (Aarhus University).<\/span><\/span><\/p>\n<p><\/p>","protected":false},"excerpt":{"rendered":"<p>Workshops list: &#8211; \u201cAnatomy of Seals: Considering Materiality, Meaning and Society.\u201d Organizer: L.\u00a0Battini (CNRS). &#8211; \u201cArtefacts, Artisans et Techniques. Nouvelles approches contextuelles sur la culture mat\u00e9rielle au Proche-Orient ancien.\u201d Organizers: G.\u00a0Chambon (EHESS\/PSL), M.\u00a0Guichard (EPHE\/PSL), F.\u00a0Joann\u00e8s (Universit\u00e9 Paris 1 Panth\u00e9on Sorbonne), L.\u00a0Quillien (Universit\u00e9 Paris 1 Panth\u00e9on Sorbonne) and M.\u00a0Ramez (EPHE\/PSL). &#8211; \u201cAssyriology and Anthropology.\u201d\u00a0Organizers: E. Pfoh &hellip; <\/p>\n<p class=\"link-more\"><a href=\"https:\/\/rai2019.digitorient.com\/es\/ateliers\/\" class=\"more-link\">Continuar leyendo<span class=\"screen-reader-text\"> \u00abWorkshops\u00bb<\/span><\/a><\/p>\n","protected":false},"author":152,"featured_media":0,"parent":0,"menu_order":0,"comment_status":"closed","ping_status":"closed","template":"","meta":{"ngg_post_thumbnail":0,"footnotes":""},"class_list":["post-101","page","type-page","status-publish","hentry"],"_links":{"self":[{"href":"https:\/\/rai2019.digitorient.com\/es\/wp-json\/wp\/v2\/pages\/101","targetHints":{"allow":["GET"]}}],"collection":[{"href":"https:\/\/rai2019.digitorient.com\/es\/wp-json\/wp\/v2\/pages"}],"about":[{"href":"https:\/\/rai2019.digitorient.com\/es\/wp-json\/wp\/v2\/types\/page"}],"author":[{"embeddable":true,"href":"https:\/\/rai2019.digitorient.com\/es\/wp-json\/wp\/v2\/users\/152"}],"replies":[{"embeddable":true,"href":"https:\/\/rai2019.digitorient.com\/es\/wp-json\/wp\/v2\/comments?post=101"}],"version-history":[{"count":36,"href":"https:\/\/rai2019.digitorient.com\/es\/wp-json\/wp\/v2\/pages\/101\/revisions"}],"predecessor-version":[{"id":1221,"href":"https:\/\/rai2019.digitorient.com\/es\/wp-json\/wp\/v2\/pages\/101\/revisions\/1221"}],"wp:attachment":[{"href":"https:\/\/rai2019.digitorient.com\/es\/wp-json\/wp\/v2\/media?parent=101"}],"curies":[{"name":"wp","href":"https:\/\/api.w.org\/{rel}","templated":true}]}}