{"id":87,"date":"2018-11-07T16:01:00","date_gmt":"2018-11-07T15:01:00","guid":{"rendered":"http:\/\/rai2019.digitorient.com\/?page_id=87"},"modified":"2019-07-02T12:00:00","modified_gmt":"2019-07-02T10:00:00","slug":"lieux","status":"publish","type":"page","link":"https:\/\/rai2019.digitorient.com\/de\/informations-pratiques\/lieux\/","title":{"rendered":"Orte f\u00fcr Konferenzen"},"content":{"rendered":"<p><\/p>\n<h1>Die Konferenzen finden im Coll\u00e8ge de France und im Louvre statt.<\/h1>\n<h2>Montag, Dienstag, Donnerstag, Freitag : Coll\u00e8ge de France \u2013 11 place Marcelin Berthelot 75005 Paris<\/h2>\n<ul>\n<li>RER: RER B (Station &#8222;Saint-Michel&#8220; oder &#8222;Luxembourg&#8220;).<\/li>\n<li>Metro: Linie 10 (Station &#8222;Cluny &#8211; La Sorbonne&#8220;), Linie 4 (Station &#8222;Od\u00e9on&#8220;).<\/li>\n<li>Bus: Nr. 63, 86 und 87 (Haltestelle &#8222;Coll\u00e8ge de France&#8220;).<\/li>\n<\/ul>\n<p><img loading=\"lazy\" decoding=\"async\" class=\"aligncenter wp-image-1320 size-large\" src=\"https:\/\/rai2019.digitorient.com\/wp-content\/uploads\/sites\/5\/2019\/06\/Capture-d\u2019e\u0301cran-2019-06-18-a\u0300-14.21.47-1024x839.jpg\" alt=\"\" width=\"525\" height=\"430\" srcset=\"https:\/\/rai2019.digitorient.com\/wp-content\/uploads\/sites\/5\/2019\/06\/Capture-d\u2019e\u0301cran-2019-06-18-a\u0300-14.21.47-1024x839.jpg 1024w, https:\/\/rai2019.digitorient.com\/wp-content\/uploads\/sites\/5\/2019\/06\/Capture-d\u2019e\u0301cran-2019-06-18-a\u0300-14.21.47-300x246.jpg 300w, https:\/\/rai2019.digitorient.com\/wp-content\/uploads\/sites\/5\/2019\/06\/Capture-d\u2019e\u0301cran-2019-06-18-a\u0300-14.21.47-768x629.jpg 768w, https:\/\/rai2019.digitorient.com\/wp-content\/uploads\/sites\/5\/2019\/06\/Capture-d\u2019e\u0301cran-2019-06-18-a\u0300-14.21.47-350x287.jpg 350w, https:\/\/rai2019.digitorient.com\/wp-content\/uploads\/sites\/5\/2019\/06\/Capture-d\u2019e\u0301cran-2019-06-18-a\u0300-14.21.47.jpg 1730w\" sizes=\"auto, (max-width: 525px) 100vw, 525px\" \/><\/p>\n<h2>Mittwoch : \u00c9cole du Louvre (Place du Carrousel, Porte Jaujard, 75001 Paris) and Amphith\u00e9\u00e2tre Rohan (99 rue de Rivoli, rechts nach der zweiten Rolltreppe)<\/h2>\n<ul>\n<li>Metro:\u00a0Linien 1 und 7 (Station &#8222;Palais-Royal \/ Mus\u00e9e du Louvre&#8220;), Linie 14 (Station &#8222;Pyramides&#8220;).<\/li>\n<li>Bus:\u00a0Nr. 21, 24, 27, 39, 48, 68, 69, 72, 81 und 95.<img loading=\"lazy\" decoding=\"async\" class=\"aligncenter wp-image-1317 size-full\" src=\"https:\/\/rai2019.digitorient.com\/wp-content\/uploads\/sites\/5\/2019\/06\/planedlouvre.jpg\" alt=\"\" width=\"460\" height=\"324\" srcset=\"https:\/\/rai2019.digitorient.com\/wp-content\/uploads\/sites\/5\/2019\/06\/planedlouvre.jpg 460w, https:\/\/rai2019.digitorient.com\/wp-content\/uploads\/sites\/5\/2019\/06\/planedlouvre-300x211.jpg 300w, https:\/\/rai2019.digitorient.com\/wp-content\/uploads\/sites\/5\/2019\/06\/planedlouvre-350x247.jpg 350w\" sizes=\"auto, (max-width: 460px) 100vw, 460px\" \/>The cocktail following the conferences on Wednesday will take place at the Louvre, in the caf\u00e9 \u201cGoguette\u201d. This caf\u00e9 is located on the left after the escalator leading to the section \u201cRichelieu\u201d.<\/li>\n<\/ul>\n<p><\/p>","protected":false},"excerpt":{"rendered":"<p>Die Konferenzen finden im Coll\u00e8ge de France und im Louvre statt. Montag, Dienstag, Donnerstag, Freitag : Coll\u00e8ge de France \u2013 11 place Marcelin Berthelot 75005 Paris RER: RER B (Station &#8222;Saint-Michel&#8220; oder &#8222;Luxembourg&#8220;). Metro: Linie 10 (Station &#8222;Cluny &#8211; La Sorbonne&#8220;), Linie 4 (Station &#8222;Od\u00e9on&#8220;). Bus: Nr. 63, 86 und 87 (Haltestelle &#8222;Coll\u00e8ge de France&#8220;). &hellip; <\/p>\n<p class=\"link-more\"><a href=\"https:\/\/rai2019.digitorient.com\/de\/informations-pratiques\/lieux\/\" class=\"more-link\"><span class=\"screen-reader-text\">\u201eOrte f\u00fcr Konferenzen\u201c<\/span> weiterlesen<\/a><\/p>\n","protected":false},"author":152,"featured_media":0,"parent":26,"menu_order":1,"comment_status":"closed","ping_status":"closed","template":"","meta":{"ngg_post_thumbnail":0,"footnotes":""},"class_list":["post-87","page","type-page","status-publish","hentry"],"_links":{"self":[{"href":"https:\/\/rai2019.digitorient.com\/de\/wp-json\/wp\/v2\/pages\/87","targetHints":{"allow":["GET"]}}],"collection":[{"href":"https:\/\/rai2019.digitorient.com\/de\/wp-json\/wp\/v2\/pages"}],"about":[{"href":"https:\/\/rai2019.digitorient.com\/de\/wp-json\/wp\/v2\/types\/page"}],"author":[{"embeddable":true,"href":"https:\/\/rai2019.digitorient.com\/de\/wp-json\/wp\/v2\/users\/152"}],"replies":[{"embeddable":true,"href":"https:\/\/rai2019.digitorient.com\/de\/wp-json\/wp\/v2\/comments?post=87"}],"version-history":[{"count":20,"href":"https:\/\/rai2019.digitorient.com\/de\/wp-json\/wp\/v2\/pages\/87\/revisions"}],"predecessor-version":[{"id":1426,"href":"https:\/\/rai2019.digitorient.com\/de\/wp-json\/wp\/v2\/pages\/87\/revisions\/1426"}],"up":[{"embeddable":true,"href":"https:\/\/rai2019.digitorient.com\/de\/wp-json\/wp\/v2\/pages\/26"}],"wp:attachment":[{"href":"https:\/\/rai2019.digitorient.com\/de\/wp-json\/wp\/v2\/media?parent=87"}],"curies":[{"name":"wp","href":"https:\/\/api.w.org\/{rel}","templated":true}]}}