{"id":739,"date":"2019-04-17T18:23:48","date_gmt":"2019-04-17T16:23:48","guid":{"rendered":"https:\/\/rai2019.digitorient.com\/?page_id=739"},"modified":"2019-06-04T20:10:51","modified_gmt":"2019-06-04T18:10:51","slug":"logement","status":"publish","type":"page","link":"https:\/\/rai2019.digitorient.com\/de\/informations-pratiques\/logement\/","title":{"rendered":"Unterkunft"},"content":{"rendered":"<p>UNTERKUNFT:<\/p>\n<ul>\n<li>Falls Sie f\u00fcr Ihren Aufenthalt bei der RAI eine kosteng\u00fcnstige Unterkunft suchen, k\u00f6nnen Sie sich auch an die<a href=\"http:\/\/www.ciup.fr\"> Cit\u00e9 internationale universitaire de Paris<\/a>\u00a0(17 Boulevard Jourdan, 75014 Paris) wenden. Sie bietet Unterk\u00fcnfte zu 73\u20ac \/ 82\u20ac und ist sehr g\u00fcnstig mit der RAI via RER B (15 Min) verbunden. Wenden Sie sich direkt an die Cit\u00e9 internationale und f\u00fcllen Sie das Formular online aus: <a href=\"https:\/\/bienvenue.ciup.fr\/questionnaire\/?start=true&amp;lang=fr\">https:\/\/bienvenue.ciup.fr\/questionnaire\/?start=true&amp;lang=fr<\/a>.<\/li>\n<\/ul>\n<p><\/p>","protected":false},"excerpt":{"rendered":"<p>UNTERKUNFT: Falls Sie f\u00fcr Ihren Aufenthalt bei der RAI eine kosteng\u00fcnstige Unterkunft suchen, k\u00f6nnen Sie sich auch an die Cit\u00e9 internationale universitaire de Paris\u00a0(17 Boulevard Jourdan, 75014 Paris) wenden. Sie bietet Unterk\u00fcnfte zu 73\u20ac \/ 82\u20ac und ist sehr g\u00fcnstig mit der RAI via RER B (15 Min) verbunden. Wenden Sie sich direkt an die &hellip; <\/p>\n<p class=\"link-more\"><a href=\"https:\/\/rai2019.digitorient.com\/de\/informations-pratiques\/logement\/\" class=\"more-link\"><span class=\"screen-reader-text\">\u201eUnterkunft\u201c<\/span> weiterlesen<\/a><\/p>\n","protected":false},"author":152,"featured_media":0,"parent":26,"menu_order":2,"comment_status":"closed","ping_status":"closed","template":"","meta":{"ngg_post_thumbnail":0,"footnotes":""},"class_list":["post-739","page","type-page","status-publish","hentry"],"_links":{"self":[{"href":"https:\/\/rai2019.digitorient.com\/de\/wp-json\/wp\/v2\/pages\/739","targetHints":{"allow":["GET"]}}],"collection":[{"href":"https:\/\/rai2019.digitorient.com\/de\/wp-json\/wp\/v2\/pages"}],"about":[{"href":"https:\/\/rai2019.digitorient.com\/de\/wp-json\/wp\/v2\/types\/page"}],"author":[{"embeddable":true,"href":"https:\/\/rai2019.digitorient.com\/de\/wp-json\/wp\/v2\/users\/152"}],"replies":[{"embeddable":true,"href":"https:\/\/rai2019.digitorient.com\/de\/wp-json\/wp\/v2\/comments?post=739"}],"version-history":[{"count":5,"href":"https:\/\/rai2019.digitorient.com\/de\/wp-json\/wp\/v2\/pages\/739\/revisions"}],"predecessor-version":[{"id":1249,"href":"https:\/\/rai2019.digitorient.com\/de\/wp-json\/wp\/v2\/pages\/739\/revisions\/1249"}],"up":[{"embeddable":true,"href":"https:\/\/rai2019.digitorient.com\/de\/wp-json\/wp\/v2\/pages\/26"}],"wp:attachment":[{"href":"https:\/\/rai2019.digitorient.com\/de\/wp-json\/wp\/v2\/media?parent=739"}],"curies":[{"name":"wp","href":"https:\/\/api.w.org\/{rel}","templated":true}]}}