{"id":252,"date":"2018-12-14T11:44:45","date_gmt":"2018-12-14T10:44:45","guid":{"rendered":"https:\/\/rai2019.digitorient.com\/?page_id=252"},"modified":"2019-01-07T15:15:46","modified_gmt":"2019-01-07T14:15:46","slug":"how-to-pay","status":"publish","type":"page","link":"https:\/\/rai2019.digitorient.com\/de\/sinscrire\/how-to-pay\/","title":{"rendered":"Wie bezahlen?"},"content":{"rendered":"<!-- wp:paragraph -->\r\n<p>Zahlungen sind mit Kreditkarte, Paypal oder per Banktransfer m\u00f6glich. Wenn Sie mit Kreditkarte zahlen wollen, w\u00e4hlen Sie Paypal als Zahlungsfunktion. Sie werden von dort weitergeleitet. Im Fenster, das sich \u00f6ffnet, klicken Sie die Funktion\u00a0\u201cPayer par carte\u201d \/ \u201cPay with a card\u201d (siehe unten).<\/p>\r\n<!-- \/wp:paragraph -->\r\n<div class=\"wp-block-image\">\r\n<figure class=\"aligncenter\"><a href=\"https:\/\/sepoa.fr\/wp\/wp-content\/uploads\/2018\/04\/paypal.png\"><img decoding=\"async\" class=\"wp-image-984 aligncenter\" src=\"https:\/\/sepoa.fr\/wp\/wp-content\/uploads\/2018\/04\/paypal-300x289.png\" alt=\"\" \/><\/a><\/figure>\r\n<\/div>\r\n<!-- \/wp:image -->","protected":false},"excerpt":{"rendered":"<p>Zahlungen sind mit Kreditkarte, Paypal oder per Banktransfer m\u00f6glich. Wenn Sie mit Kreditkarte zahlen wollen, w\u00e4hlen Sie Paypal als Zahlungsfunktion. Sie werden von dort weitergeleitet. Im Fenster, das sich \u00f6ffnet, klicken Sie die Funktion\u00a0\u201cPayer par carte\u201d \/ \u201cPay with a card\u201d (siehe unten).<\/p>\n","protected":false},"author":152,"featured_media":0,"parent":261,"menu_order":1,"comment_status":"closed","ping_status":"closed","template":"","meta":{"ngg_post_thumbnail":0,"footnotes":""},"class_list":["post-252","page","type-page","status-publish","hentry"],"_links":{"self":[{"href":"https:\/\/rai2019.digitorient.com\/de\/wp-json\/wp\/v2\/pages\/252","targetHints":{"allow":["GET"]}}],"collection":[{"href":"https:\/\/rai2019.digitorient.com\/de\/wp-json\/wp\/v2\/pages"}],"about":[{"href":"https:\/\/rai2019.digitorient.com\/de\/wp-json\/wp\/v2\/types\/page"}],"author":[{"embeddable":true,"href":"https:\/\/rai2019.digitorient.com\/de\/wp-json\/wp\/v2\/users\/152"}],"replies":[{"embeddable":true,"href":"https:\/\/rai2019.digitorient.com\/de\/wp-json\/wp\/v2\/comments?post=252"}],"version-history":[{"count":100,"href":"https:\/\/rai2019.digitorient.com\/de\/wp-json\/wp\/v2\/pages\/252\/revisions"}],"predecessor-version":[{"id":397,"href":"https:\/\/rai2019.digitorient.com\/de\/wp-json\/wp\/v2\/pages\/252\/revisions\/397"}],"up":[{"embeddable":true,"href":"https:\/\/rai2019.digitorient.com\/de\/wp-json\/wp\/v2\/pages\/261"}],"wp:attachment":[{"href":"https:\/\/rai2019.digitorient.com\/de\/wp-json\/wp\/v2\/media?parent=252"}],"curies":[{"name":"wp","href":"https:\/\/api.w.org\/{rel}","templated":true}]}}